{"id":25,"date":"2025-08-09T18:37:53","date_gmt":"2025-08-09T15:37:53","guid":{"rendered":"https:\/\/www.rrjylha.fi\/index.php\/home\/"},"modified":"2025-09-22T19:12:40","modified_gmt":"2025-09-22T16:12:40","slug":"home","status":"publish","type":"page","link":"https:\/\/www.rrjylha.fi\/","title":{"rendered":"Home"},"content":{"rendered":"\t\t<div data-elementor-type=\"wp-page\" data-elementor-id=\"25\" class=\"elementor elementor-25\" data-elementor-post-type=\"page\">\n\t\t\t\t<div class=\"elementor-element elementor-element-7785c849 e-con-full animated-fast e-flex elementor-invisible e-con e-parent\" data-id=\"7785c849\" data-element_type=\"container\" data-e-type=\"container\" data-settings=\"{&quot;animation&quot;:&quot;fadeIn&quot;}\">\n\t\t<div class=\"elementor-element elementor-element-1d2245fa e-con-full animated-fast e-flex elementor-invisible e-con e-child\" data-id=\"1d2245fa\" data-element_type=\"container\" data-e-type=\"container\" data-settings=\"{&quot;background_background&quot;:&quot;classic&quot;,&quot;animation&quot;:&quot;fadeIn&quot;}\">\n\t\t\t\t<div class=\"elementor-element elementor-element-7507845 animated-fast elementor-invisible elementor-widget elementor-widget-flex-hero\" data-id=\"7507845\" data-element_type=\"widget\" data-e-type=\"widget\" data-settings=\"{&quot;layout_preset&quot;:&quot;storytelling&quot;,&quot;box_shape&quot;:&quot;custom&quot;,&quot;primary_button_shape&quot;:&quot;round&quot;,&quot;_animation&quot;:&quot;fadeIn&quot;,&quot;_animation_delay&quot;:&quot;200&quot;,&quot;image_shape&quot;:&quot;sharp&quot;}\" data-widget_type=\"flex-hero.default\">\n\t\t\t\t<div class=\"elementor-widget-container\">\n\t\t\t\t\t\t\t<div class=\"has-shape-custom shape-type-box ehp-flex-hero has-layout-preset-storytelling\">\n\t\t\t\t\t\t<div class=\"ehp-flex-hero__overlay\"><\/div>\n\t\t\t<div class=\"ehp-flex-hero__content-container\">\n\t\t\t\t<h2 class=\"ehp-flex-hero__heading\">Etsitk\u00f6 laadukasta ja luotettavaa tekij\u00e4\u00e4\nrakennus- tai remontointiprojektiisi?<\/h2><h3 class=\"ehp-flex-hero__subheading\">Toteutamme toiveidesi projektin laadulla ja ammattitaidolla Uudenmaan alueella.<\/h3>\t\t\t<div class=\"ehp-flex-hero__ctas-container\">\n\t\t\t\t\t\t<a class=\"has-shape-round shape-type-button ehp-button ehp-button--primary ehp-flex-hero__button ehp-flex-hero__button--primary is-type-button elementor-animation-shrink has-border\" href=\"\/#ota-yhteytta\">\n\t\t\t\t\t<span class=\"ehp-button__text ehp-flex-hero__button-text ehp-flex-hero__button-text--primary\">\n\t\t\tKerro toiveistasi ja j\u00e4t\u00e4 tarjouspyynt\u00f6! \t\t\t\t<\/a>\n\t\t\t\t\t\t\t\t\t<\/div>\n\t\t\t\t\t<\/div>\n\t\t\t\t<div class=\"ehp-flex-hero__image-wrapper\">\n\t\t\t\t<\/div>\n\t\t\t\t<\/div>\n\t\t\t\t\t\t<\/div>\n\t\t\t\t<\/div>\n\t\t<div class=\"elementor-element elementor-element-1fa2830a e-flex e-con-boxed e-con e-child\" data-id=\"1fa2830a\" data-element_type=\"container\" data-e-type=\"container\">\n\t\t\t\t\t<div class=\"e-con-inner\">\n\t\t<div class=\"elementor-element elementor-element-2acb535 e-con-full e-flex e-con e-child\" data-id=\"2acb535\" data-element_type=\"container\" data-e-type=\"container\">\n\t\t\t\t<div class=\"elementor-element elementor-element-ea4717d elementor-widget elementor-widget-heading\" data-id=\"ea4717d\" data-element_type=\"widget\" data-e-type=\"widget\" data-widget_type=\"heading.default\">\n\t\t\t\t\t<h2 class=\"elementor-heading-title elementor-size-default\">OMAKOTITALOT<\/h2>\t\t\t\t<\/div>\n\t\t\t\t<div class=\"elementor-element elementor-element-15b284ea elementor-widget__width-initial elementor-widget-mobile__width-inherit elementor-widget elementor-widget-text-editor\" data-id=\"15b284ea\" data-element_type=\"widget\" data-e-type=\"widget\" data-widget_type=\"text-editor.default\">\n\t\t\t\t\t\t\t\t\t<p data-start=\"147\" data-end=\"294\">Rakennamme ja remontoimme koteja, joissa yhdistyv\u00e4t laatu ja<br \/>tyylikkyys<\/p>\t\t\t\t\t\t\t\t<\/div>\n\t\t\t\t<\/div>\n\t\t\t\t<div class=\"elementor-element elementor-element-2ae38a4a elementor-widget elementor-widget-spacer\" data-id=\"2ae38a4a\" data-element_type=\"widget\" data-e-type=\"widget\" data-widget_type=\"spacer.default\">\n\t\t\t\t\t\t\t<div class=\"elementor-spacer\">\n\t\t\t<div class=\"elementor-spacer-inner\"><\/div>\n\t\t<\/div>\n\t\t\t\t\t\t<\/div>\n\t\t<div class=\"elementor-element elementor-element-c9110f2 e-con-full e-flex e-con e-child\" data-id=\"c9110f2\" data-element_type=\"container\" data-e-type=\"container\">\n\t\t\t\t<div class=\"elementor-element elementor-element-0d30400 elementor-widget elementor-widget-heading\" data-id=\"0d30400\" data-element_type=\"widget\" data-e-type=\"widget\" data-widget_type=\"heading.default\">\n\t\t\t\t\t<h2 class=\"elementor-heading-title elementor-size-default\">ARVOASUNNOT JA -KIINTEIST\u00d6T<\/h2>\t\t\t\t<\/div>\n\t\t\t\t<div class=\"elementor-element elementor-element-7ffcb57 elementor-widget__width-initial elementor-widget-mobile__width-inherit elementor-widget elementor-widget-text-editor\" data-id=\"7ffcb57\" data-element_type=\"widget\" data-e-type=\"widget\" data-widget_type=\"text-editor.default\">\n\t\t\t\t\t\t\t\t\t<p data-start=\"147\" data-end=\"294\">Uudistamme ja korjausrakennamme asuntoja ja<br \/>kiinteist\u00f6j\u00e4 huolellisesti niiden arvoa lis\u00e4ten<\/p>\t\t\t\t\t\t\t\t<\/div>\n\t\t\t\t<\/div>\n\t\t\t\t<div class=\"elementor-element elementor-element-55d2d315 elementor-widget elementor-widget-spacer\" data-id=\"55d2d315\" data-element_type=\"widget\" data-e-type=\"widget\" data-widget_type=\"spacer.default\">\n\t\t\t\t\t\t\t<div class=\"elementor-spacer\">\n\t\t\t<div class=\"elementor-spacer-inner\"><\/div>\n\t\t<\/div>\n\t\t\t\t\t\t<\/div>\n\t\t<div class=\"elementor-element elementor-element-569bd4d e-con-full e-flex e-con e-child\" data-id=\"569bd4d\" data-element_type=\"container\" data-e-type=\"container\">\n\t\t\t\t<div class=\"elementor-element elementor-element-987ec60 elementor-widget elementor-widget-heading\" data-id=\"987ec60\" data-element_type=\"widget\" data-e-type=\"widget\" data-widget_type=\"heading.default\">\n\t\t\t\t\t<h2 class=\"elementor-heading-title elementor-size-default\">LIIKETILAT<\/h2>\t\t\t\t<\/div>\n\t\t\t\t<div class=\"elementor-element elementor-element-dc6ff02 elementor-widget__width-initial elementor-widget-mobile__width-inherit elementor-widget elementor-widget-text-editor\" data-id=\"dc6ff02\" data-element_type=\"widget\" data-e-type=\"widget\" data-widget_type=\"text-editor.default\">\n\t\t\t\t\t\t\t\t\t<p data-start=\"147\" data-end=\"294\">Toteutamme vaativiakin teollisuus- ja liiketilaprojekteja tehokkaasti<br \/>perustuksista k\u00e4ytt\u00f6valmiiksi.<\/p>\t\t\t\t\t\t\t\t<\/div>\n\t\t\t\t<\/div>\n\t\t\t\t\t<\/div>\n\t\t\t\t<\/div>\n\t\t\t\t<\/div>\n\t\t\t\t<\/div>\n\t\t<div class=\"elementor-element elementor-element-26a48643 animated-fast e-flex e-con-boxed elementor-invisible e-con e-parent\" data-id=\"26a48643\" data-element_type=\"container\" data-e-type=\"container\" data-settings=\"{&quot;animation&quot;:&quot;fadeIn&quot;}\">\n\t\t\t\t\t<div class=\"e-con-inner\">\n\t\t<div class=\"elementor-element elementor-element-25d94afb e-con-full e-flex e-con e-child\" data-id=\"25d94afb\" data-element_type=\"container\" data-e-type=\"container\">\n\t\t\t\t<div class=\"elementor-element elementor-element-121f685e elementor-widget__width-initial elementor-widget-mobile__width-inherit elementor-widget elementor-widget-cta\" data-id=\"121f685e\" data-element_type=\"widget\" data-e-type=\"widget\" data-settings=\"{&quot;layout_preset&quot;:&quot;streamline&quot;,&quot;box_shape&quot;:&quot;custom&quot;,&quot;content_alignment&quot;:&quot;center&quot;,&quot;content_alignment_tablet&quot;:&quot;center&quot;,&quot;content_alignment_mobile&quot;:&quot;center&quot;,&quot;primary_button_shape&quot;:&quot;default&quot;,&quot;cta_width&quot;:&quot;default&quot;,&quot;cta_position&quot;:&quot;default&quot;}\" data-widget_type=\"cta.default\">\n\t\t\t\t<div class=\"elementor-widget-container\">\n\t\t\t\t\t\t\t<div class=\"has-shape-custom shape-type-box ehp-cta has-preset-streamline has-border\">\n\t\t\t<div class=\"ehp-cta__overlay\"><\/div>\n\t\t\t<div class=\"ehp-cta__elements-container\">\n\t\t\t\t\t\t<div class=\"ehp-cta__text-container\">\n\t\t\t<h2 class=\"ehp-cta__heading\">Laatu<\/h2><p class=\"ehp-cta__description\">Saat meilt\u00e4 aina viimeistellyn ty\u00f6j\u00e4ljen ja kest\u00e4v\u00e4t ratkaisut<\/p>\t\t<\/div>\n\t\t\t\t\t<div class=\"ehp-cta__ctas-container has-cta-width-default\">\n\t\t\t\t<div class=\"ehp-cta__buttons-wrapper\">\n\t\t\t\t\t\t\t\t\t\t\t\t\t\t<\/div>\n\t\t\t<\/div>\n\t\t\t\t\t<\/div>\n\t\t<\/div>\n\t\t\t\t\t\t<\/div>\n\t\t\t\t<\/div>\n\t\t\t\t<div class=\"elementor-element elementor-element-204dfaa6 elementor-widget__width-initial elementor-widget-mobile__width-inherit elementor-widget elementor-widget-cta\" data-id=\"204dfaa6\" data-element_type=\"widget\" data-e-type=\"widget\" data-settings=\"{&quot;layout_preset&quot;:&quot;streamline&quot;,&quot;box_shape&quot;:&quot;custom&quot;,&quot;content_alignment&quot;:&quot;center&quot;,&quot;content_alignment_tablet&quot;:&quot;center&quot;,&quot;content_alignment_mobile&quot;:&quot;center&quot;,&quot;primary_button_shape&quot;:&quot;default&quot;,&quot;cta_width&quot;:&quot;default&quot;,&quot;cta_position&quot;:&quot;default&quot;}\" data-widget_type=\"cta.default\">\n\t\t\t\t<div class=\"elementor-widget-container\">\n\t\t\t\t\t\t\t<div class=\"has-shape-custom shape-type-box ehp-cta has-preset-streamline has-border\">\n\t\t\t<div class=\"ehp-cta__overlay\"><\/div>\n\t\t\t<div class=\"ehp-cta__elements-container\">\n\t\t\t\t\t\t<div class=\"ehp-cta__text-container\">\n\t\t\t<h2 class=\"ehp-cta__heading\">Luotettavuus<\/h2><p class=\"ehp-cta__description\"> Aikataulutus ja ty\u00f6t toteutetaan ammattitaidolla ja niist\u00e4 viestit\u00e4\u00e4n\nluotettavasti.<\/p>\t\t<\/div>\n\t\t\t\t\t<div class=\"ehp-cta__ctas-container has-cta-width-default\">\n\t\t\t\t<div class=\"ehp-cta__buttons-wrapper\">\n\t\t\t\t\t\t\t\t\t\t\t\t\t\t<\/div>\n\t\t\t<\/div>\n\t\t\t\t\t<\/div>\n\t\t<\/div>\n\t\t\t\t\t\t<\/div>\n\t\t\t\t<\/div>\n\t\t\t\t<\/div>\n\t\t<div class=\"elementor-element elementor-element-cefc7a5 e-con-full e-flex e-con e-child\" data-id=\"cefc7a5\" data-element_type=\"container\" data-e-type=\"container\">\n\t\t\t\t<div class=\"elementor-element elementor-element-301cac2c elementor-widget elementor-widget-cta\" data-id=\"301cac2c\" data-element_type=\"widget\" data-e-type=\"widget\" data-settings=\"{&quot;layout_preset&quot;:&quot;streamline&quot;,&quot;primary_button_shape&quot;:&quot;round&quot;,&quot;content_alignment&quot;:&quot;center&quot;,&quot;content_alignment_tablet&quot;:&quot;center&quot;,&quot;content_alignment_mobile&quot;:&quot;center&quot;,&quot;cta_width&quot;:&quot;default&quot;,&quot;cta_position&quot;:&quot;default&quot;,&quot;box_shape&quot;:&quot;sharp&quot;}\" data-widget_type=\"cta.default\">\n\t\t\t\t<div class=\"elementor-widget-container\">\n\t\t\t\t\t\t\t<div class=\"has-shape-sharp shape-type-box ehp-cta has-preset-streamline\">\n\t\t\t<div class=\"ehp-cta__overlay\"><\/div>\n\t\t\t<div class=\"ehp-cta__elements-container\">\n\t\t\t\t\t\t<div class=\"ehp-cta__text-container\">\n\t\t\t<h2 class=\"ehp-cta__heading\">Meist\u00e4<\/h2><p class=\"ehp-cta__description\">Toimimme Pornaisista k\u00e4sin koko Uudenmaan alueella. Ketter\u00e4n\u00e4 kahden hengen\ntiimin\u00e4 takaamme, ett\u00e4 projektisi toteutetaan tehokkaasti ja tarkasti, oli kyseess\u00e4\nsitten omakotitalon rakentaminen, arvokiinteist\u00f6n remontointi tai vaikkapa viljasiilo. Meill\u00e4 on kokemusta sadoista erilaisista kohteista. \n<br><br>\nLaadukkaasta\nyhteisty\u00f6verkostostamme j\u00e4rjest\u00e4mme my\u00f6s tarvittaessa LVI- ja s\u00e4hk\u00f6alan\nammattilaiset mukaan projektiin.\nMeill\u00e4 et maksa suurista hallintokuluista, vaan pienen yrityksen tinkim\u00e4tt\u00f6m\u00e4st\u00e4\nty\u00f6nj\u00e4ljest\u00e4 ja ensiluokkaisesta palvelusta.\nYhteisty\u00f6 meid\u00e4n kanssa on mutkatonta ja voit luottaa, ett\u00e4 homma hoituu juuri niin\nkuin on sovittu!<\/p>\t\t<\/div>\n\t\t\t\t\t<div class=\"ehp-cta__ctas-container has-cta-width-default\">\n\t\t\t\t<div class=\"ehp-cta__buttons-wrapper\">\n\t\t\t\t\t\t\t<a class=\"has-shape-round shape-type-button ehp-button ehp-button--primary ehp-cta__button ehp-cta__button--primary is-type-button elementor-animation-shrink has-border\" href=\"\/#ota-yhteytta\">\n\t\t\t\t\t<span class=\"ehp-button__text ehp-cta__button-text ehp-cta__button-text--primary\">\n\t\t\tOta yhteytt\u00e4\t\t\t\t<\/a>\n\t\t\t\t\t\t\t\t\t\t\t<\/div>\n\t\t\t<\/div>\n\t\t\t\t\t<\/div>\n\t\t<\/div>\n\t\t\t\t\t\t<\/div>\n\t\t\t\t<\/div>\n\t\t\t\t<\/div>\n\t\t<div class=\"elementor-element elementor-element-14527442 e-con-full e-flex e-con e-child\" data-id=\"14527442\" data-element_type=\"container\" data-e-type=\"container\">\n\t\t\t\t<div class=\"elementor-element elementor-element-1e65b44c elementor-widget__width-initial elementor-widget-mobile__width-inherit elementor-widget elementor-widget-cta\" data-id=\"1e65b44c\" data-element_type=\"widget\" data-e-type=\"widget\" data-settings=\"{&quot;layout_preset&quot;:&quot;streamline&quot;,&quot;box_shape&quot;:&quot;custom&quot;,&quot;content_alignment&quot;:&quot;center&quot;,&quot;content_alignment_tablet&quot;:&quot;center&quot;,&quot;content_alignment_mobile&quot;:&quot;center&quot;,&quot;primary_button_shape&quot;:&quot;default&quot;,&quot;cta_width&quot;:&quot;default&quot;,&quot;cta_position&quot;:&quot;default&quot;}\" data-widget_type=\"cta.default\">\n\t\t\t\t<div class=\"elementor-widget-container\">\n\t\t\t\t\t\t\t<div class=\"has-shape-custom shape-type-box ehp-cta has-preset-streamline has-border\">\n\t\t\t<div class=\"ehp-cta__overlay\"><\/div>\n\t\t\t<div class=\"ehp-cta__elements-container\">\n\t\t\t\t\t\t<div class=\"ehp-cta__text-container\">\n\t\t\t<h2 class=\"ehp-cta__heading\">Tehokkuus<\/h2><p class=\"ehp-cta__description\">Toteutamme projektisi kustannustehokkaasti ketter\u00e4n\u00e4 kahden hengen\ntiimin\u00e4.<\/p>\t\t<\/div>\n\t\t\t\t\t<div class=\"ehp-cta__ctas-container has-cta-width-default\">\n\t\t\t\t<div class=\"ehp-cta__buttons-wrapper\">\n\t\t\t\t\t\t\t\t\t\t\t\t\t\t<\/div>\n\t\t\t<\/div>\n\t\t\t\t\t<\/div>\n\t\t<\/div>\n\t\t\t\t\t\t<\/div>\n\t\t\t\t<\/div>\n\t\t\t\t<div class=\"elementor-element elementor-element-50305d8b elementor-widget__width-initial elementor-widget-mobile__width-inherit elementor-widget elementor-widget-cta\" data-id=\"50305d8b\" data-element_type=\"widget\" data-e-type=\"widget\" data-settings=\"{&quot;layout_preset&quot;:&quot;streamline&quot;,&quot;box_shape&quot;:&quot;custom&quot;,&quot;content_alignment&quot;:&quot;center&quot;,&quot;content_alignment_tablet&quot;:&quot;center&quot;,&quot;content_alignment_mobile&quot;:&quot;center&quot;,&quot;primary_button_shape&quot;:&quot;default&quot;,&quot;cta_width&quot;:&quot;default&quot;,&quot;cta_position&quot;:&quot;default&quot;}\" data-widget_type=\"cta.default\">\n\t\t\t\t<div class=\"elementor-widget-container\">\n\t\t\t\t\t\t\t<div class=\"has-shape-custom shape-type-box ehp-cta has-preset-streamline has-border\">\n\t\t\t<div class=\"ehp-cta__overlay\"><\/div>\n\t\t\t<div class=\"ehp-cta__elements-container\">\n\t\t\t\t\t\t<div class=\"ehp-cta__text-container\">\n\t\t\t<h2 class=\"ehp-cta__heading\">Monipuolisuus<\/h2><p class=\"ehp-cta__description\">Saat k\u00e4ytt\u00f6\u00f6si laaja-alaisen osaamisemme uudisrakentamisesta\nvaativiin remontteihin.<\/p>\t\t<\/div>\n\t\t\t\t\t<div class=\"ehp-cta__ctas-container has-cta-width-default\">\n\t\t\t\t<div class=\"ehp-cta__buttons-wrapper\">\n\t\t\t\t\t\t\t\t\t\t\t\t\t\t<\/div>\n\t\t\t<\/div>\n\t\t\t\t\t<\/div>\n\t\t<\/div>\n\t\t\t\t\t\t<\/div>\n\t\t\t\t<\/div>\n\t\t\t\t<\/div>\n\t\t\t\t\t<\/div>\n\t\t\t\t<\/div>\n\t\t<div class=\"elementor-element elementor-element-1879a02e animated-fast e-flex e-con-boxed elementor-invisible e-con e-parent\" data-id=\"1879a02e\" data-element_type=\"container\" data-e-type=\"container\" data-settings=\"{&quot;animation&quot;:&quot;fadeIn&quot;}\">\n\t\t\t\t\t<div class=\"e-con-inner\">\n\t\t\t\t<div class=\"elementor-element elementor-element-467d224c elementor-widget elementor-widget-flex-hero\" data-id=\"467d224c\" data-element_type=\"widget\" data-e-type=\"widget\" data-settings=\"{&quot;image_shape&quot;:&quot;custom&quot;,&quot;layout_image_position&quot;:&quot;start&quot;,&quot;layout_column_structure&quot;:&quot;33-66&quot;,&quot;layout_reverse_structure&quot;:&quot;yes&quot;,&quot;layout_preset&quot;:&quot;showcase&quot;,&quot;primary_button_shape&quot;:&quot;default&quot;,&quot;box_shape&quot;:&quot;sharp&quot;}\" data-widget_type=\"flex-hero.default\">\n\t\t\t\t<div class=\"elementor-widget-container\">\n\t\t\t\t\t\t\t<div class=\"has-shape-sharp shape-type-box has-column-structure-33-66 is-reverse ehp-flex-hero has-layout-preset-showcase has-image-stretch has-image-position-start\">\n\t\t\t\t\t\t<div class=\"ehp-flex-hero__overlay\"><\/div>\n\t\t\t<div class=\"ehp-flex-hero__content-container\">\n\t\t\t\t<p class=\"ehp-flex-hero__intro\">Yhteisty\u00f6 on laadukkaan rakentamisen perusta<\/p><h2 class=\"ehp-flex-hero__heading\">Hoidamme rakennusprojektisi hallitusti maaliin, alusta loppuun<\/h2><h3 class=\"ehp-flex-hero__subheading\">Ajan saatossa ker\u00e4\u00e4m\u00e4mme laadukas ja hyv\u00e4ksi todettu yhteisty\u00f6verkostomme kattaa kaiken tarvittavan LVI- ja s\u00e4hk\u00f6-osaamisen, sek\u00e4 jopa esimerkiksi AV- ja akustiikka-asiantuntijat, jos tarve niin vaatii. Jotta sinun ei tarvitse k\u00e4ytt\u00e4\u00e4 aikaasi hyvien tyyppien etsimiseen.<\/h3>\t\t\t<div class=\"ehp-flex-hero__ctas-container\">\n\t\t\t\t\t\t\t\t\t\t\t<\/div>\n\t\t\t\t\t<\/div>\n\t\t\t\t<div class=\"ehp-flex-hero__image-wrapper\">\n\t\t\t\t\t<div class=\"ehp-image ehp-flex-hero__image-container\">\n\t\t\t\t<img decoding=\"async\" class=\"ehp-image__img ehp-flex-hero__img has-shape-custom shape-type-image\" src=\"https:\/\/www.rrjylha.fi\/wp-content\/uploads\/2025\/09\/rakentaminen.jpg\" title=\"rakentaminen\" alt=\"rakentaminen\" loading=\"lazy\" \/>\t\t\t<\/div>\n\t\t\t\t\t<\/div>\n\t\t\t\t<\/div>\n\t\t\t\t\t\t<\/div>\n\t\t\t\t<\/div>\n\t\t\t\t\t<\/div>\n\t\t\t\t<\/div>\n\t\t<div class=\"elementor-element elementor-element-37b4158 e-flex e-con-boxed e-con e-parent\" data-id=\"37b4158\" data-element_type=\"container\" data-e-type=\"container\">\n\t\t\t\t\t<div class=\"e-con-inner\">\n\t\t<div class=\"elementor-element elementor-element-a86dd12 e-flex e-con-boxed e-con e-child\" data-id=\"a86dd12\" data-element_type=\"container\" data-e-type=\"container\" data-settings=\"{&quot;background_background&quot;:&quot;classic&quot;}\">\n\t\t\t\t\t<div class=\"e-con-inner\">\n\t\t\t\t<div class=\"elementor-element elementor-element-0e5bf2d elementor-widget elementor-widget-menu-anchor\" data-id=\"0e5bf2d\" data-element_type=\"widget\" data-e-type=\"widget\" data-widget_type=\"menu-anchor.default\">\n\t\t\t\t\t\t\t<div class=\"elementor-menu-anchor\" id=\"ota-yhteytta\"><\/div>\n\t\t\t\t\t\t<\/div>\n\t\t\t\t<div class=\"elementor-element elementor-element-3820a0d elementor-widget elementor-widget-heading\" data-id=\"3820a0d\" data-element_type=\"widget\" data-e-type=\"widget\" data-widget_type=\"heading.default\">\n\t\t\t\t\t<h2 class=\"elementor-heading-title elementor-size-default\">Ota yhteytt\u00e4<\/h2>\t\t\t\t<\/div>\n\t\t\t\t<div class=\"elementor-element elementor-element-a16ed3c elementor-button-align-center elementor-widget elementor-widget-form\" data-id=\"a16ed3c\" data-element_type=\"widget\" data-e-type=\"widget\" data-settings=\"{&quot;step_next_label&quot;:&quot;Seuraava&quot;,&quot;step_previous_label&quot;:&quot;Edellinen&quot;,&quot;button_width&quot;:&quot;100&quot;,&quot;step_type&quot;:&quot;number_text&quot;,&quot;step_icon_shape&quot;:&quot;circle&quot;}\" data-widget_type=\"form.default\">\n\t\t\t\t\t\t\t<form class=\"elementor-form\" method=\"post\" id=\"ota_yhteytta\" name=\"Ota yhteytt\u00e4\" aria-label=\"Ota yhteytt\u00e4\">\n\t\t\t<input type=\"hidden\" name=\"post_id\" value=\"25\"\/>\n\t\t\t<input type=\"hidden\" name=\"form_id\" value=\"a16ed3c\"\/>\n\t\t\t<input type=\"hidden\" name=\"referer_title\" value=\"\" \/>\n\n\t\t\t\t\t\t\t<input type=\"hidden\" name=\"queried_id\" value=\"25\"\/>\n\t\t\t\n\t\t\t<div class=\"elementor-form-fields-wrapper elementor-labels-above\">\n\t\t\t\t\t\t\t\t<div class=\"elementor-field-type-text elementor-field-group elementor-column elementor-field-group-name elementor-col-100 elementor-field-required elementor-mark-required\">\n\t\t\t\t\t\t\t\t\t\t\t\t<label for=\"form-field-name\" class=\"elementor-field-label\">\n\t\t\t\t\t\t\t\tNimi\t\t\t\t\t\t\t<\/label>\n\t\t\t\t\t\t\t\t\t\t\t\t\t\t<input size=\"1\" type=\"text\" name=\"form_fields[name]\" id=\"form-field-name\" class=\"elementor-field elementor-size-md  elementor-field-textual\" placeholder=\"Nimi\" required=\"required\">\n\t\t\t\t\t\t\t\t\t\t\t<\/div>\n\t\t\t\t\t\t\t\t<div class=\"elementor-field-type-tel elementor-field-group elementor-column elementor-field-group-field_a362c31 elementor-col-100 elementor-field-required elementor-mark-required\">\n\t\t\t\t\t\t\t\t\t\t\t\t<label for=\"form-field-field_a362c31\" class=\"elementor-field-label\">\n\t\t\t\t\t\t\t\tPuhelin\t\t\t\t\t\t\t<\/label>\n\t\t\t\t\t\t\t\t<input size=\"1\" type=\"tel\" name=\"form_fields[field_a362c31]\" id=\"form-field-field_a362c31\" class=\"elementor-field elementor-size-md  elementor-field-textual\" placeholder=\"Puhelin\" required=\"required\" pattern=\"[0-9()#&amp;+*-=.]+\" title=\"Only numbers and phone characters (#, -, *, etc) are accepted.\">\n\n\t\t\t\t\t\t<\/div>\n\t\t\t\t\t\t\t\t<div class=\"elementor-field-type-textarea elementor-field-group elementor-column elementor-field-group-message elementor-col-100 elementor-field-required elementor-mark-required\">\n\t\t\t\t\t\t\t\t\t\t\t\t<label for=\"form-field-message\" class=\"elementor-field-label\">\n\t\t\t\t\t\t\t\tViesti\t\t\t\t\t\t\t<\/label>\n\t\t\t\t\t\t<textarea class=\"elementor-field-textual elementor-field  elementor-size-md\" name=\"form_fields[message]\" id=\"form-field-message\" rows=\"5\" placeholder=\"Viesti\" required=\"required\"><\/textarea>\t\t\t\t<\/div>\n\t\t\t\t\t\t\t\t<div class=\"elementor-field-group elementor-column elementor-field-type-submit elementor-col-100 e-form__buttons\">\n\t\t\t\t\t<button class=\"elementor-button elementor-size-sm\" type=\"submit\">\n\t\t\t\t\t\t<span class=\"elementor-button-content-wrapper\">\n\t\t\t\t\t\t\t\t\t\t\t\t\t\t\t\t\t\t\t\t\t\t<span class=\"elementor-button-text\">L\u00e4het\u00e4<\/span>\n\t\t\t\t\t\t\t\t\t\t\t\t\t<\/span>\n\t\t\t\t\t<\/button>\n\t\t\t\t<\/div>\n\t\t\t<\/div>\n\t\t<\/form>\n\t\t\t\t\t\t<\/div>\n\t\t\t\t\t<\/div>\n\t\t\t\t<\/div>\n\t\t\t\t\t<\/div>\n\t\t\t\t<\/div>\n\t\t\t\t<\/div>\n\t\t","protected":false},"excerpt":{"rendered":"<p>Etsitk\u00f6 laadukasta ja luotettavaa tekij\u00e4\u00e4 rakennus- tai remontointiprojektiisi? Toteutamme toiveidesi projektin laadulla ja ammattitaidolla Uudenmaan alueella. Kerro toiveistasi ja j\u00e4t\u00e4 tarjouspyynt\u00f6! OMAKOTITALOT Rakennamme ja remontoimme koteja, joissa yhdistyv\u00e4t laatu jatyylikkyys ARVOASUNNOT JA -KIINTEIST\u00d6T Uudistamme ja korjausrakennamme asuntoja jakiinteist\u00f6j\u00e4 huolellisesti niiden arvoa lis\u00e4ten LIIKETILAT Toteutamme vaativiakin teollisuus- ja liiketilaprojekteja tehokkaastiperustuksista k\u00e4ytt\u00f6valmiiksi. Laatu Saat meilt\u00e4 aina viimeistellyn [&hellip;]<\/p>\n","protected":false},"author":1,"featured_media":0,"parent":0,"menu_order":0,"comment_status":"closed","ping_status":"closed","template":"elementor_header_footer","meta":{"footnotes":""},"class_list":["post-25","page","type-page","status-publish","hentry"],"_links":{"self":[{"href":"https:\/\/www.rrjylha.fi\/index.php\/wp-json\/wp\/v2\/pages\/25","targetHints":{"allow":["GET"]}}],"collection":[{"href":"https:\/\/www.rrjylha.fi\/index.php\/wp-json\/wp\/v2\/pages"}],"about":[{"href":"https:\/\/www.rrjylha.fi\/index.php\/wp-json\/wp\/v2\/types\/page"}],"author":[{"embeddable":true,"href":"https:\/\/www.rrjylha.fi\/index.php\/wp-json\/wp\/v2\/users\/1"}],"replies":[{"embeddable":true,"href":"https:\/\/www.rrjylha.fi\/index.php\/wp-json\/wp\/v2\/comments?post=25"}],"version-history":[{"count":133,"href":"https:\/\/www.rrjylha.fi\/index.php\/wp-json\/wp\/v2\/pages\/25\/revisions"}],"predecessor-version":[{"id":249,"href":"https:\/\/www.rrjylha.fi\/index.php\/wp-json\/wp\/v2\/pages\/25\/revisions\/249"}],"wp:attachment":[{"href":"https:\/\/www.rrjylha.fi\/index.php\/wp-json\/wp\/v2\/media?parent=25"}],"curies":[{"name":"wp","href":"https:\/\/api.w.org\/{rel}","templated":true}]}}